{"id":62,"date":"2019-03-13T16:33:48","date_gmt":"2019-03-13T16:33:48","guid":{"rendered":"http:\/\/kleine-fuesschen.eu\/?page_id=62"},"modified":"2025-09-26T11:36:58","modified_gmt":"2025-09-26T11:36:58","slug":"startseite","status":"publish","type":"page","link":"http:\/\/kleine-fuesschen.eu\/","title":{"rendered":"Startseite"},"content":{"rendered":"\n<p class=\"has-drop-cap has-medium-font-size\">Die Hebammenpraxis \u201ekleine F\u00fcsschen\u201c freut sich, Sie in  modernen R\u00e4umlichkeiten in ruhiger und entspannter Atmosph\u00e4re, begr\u00fc\u00dfen zu d\u00fcrfen. Ich biete Ihnen ein vielseitiges Angebot, kompetente Begleitung und Beratung rund um die Themen Schwangerschaft, Geburt und Wochenbett. Sie finden das Angebot unter den Men\u00fcpunkten Leistungen und Kurse.  <\/p>\n\n\n\n<p class=\"has-text-align-center\"><strong>Neue Kurse ab November 2025<\/strong> &#8211; <a href=\"http:\/\/kleine-fuesschen.eu\/?page_id=27\" data-type=\"page\" data-id=\"27\">zur Kontaktaufnahme einfach hier klicken<\/a><\/p>\n\n\n\n<p class=\"has-text-align-center has-medium-font-size\">Ihre Hebamme<\/p>\n\n\n<div class=\"wp-block-image\">\n<figure class=\"aligncenter\"><img loading=\"lazy\" decoding=\"async\" width=\"300\" height=\"300\" src=\"http:\/\/kleine-fuesschen.eu\/wp-content\/uploads\/2019\/03\/f8337035-Klein-300x300.jpg\" alt=\"\" class=\"wp-image-273\" srcset=\"http:\/\/kleine-fuesschen.eu\/wp-content\/uploads\/2019\/03\/f8337035-Klein-300x300.jpg 300w, http:\/\/kleine-fuesschen.eu\/wp-content\/uploads\/2019\/03\/f8337035-Klein-150x150.jpg 150w, http:\/\/kleine-fuesschen.eu\/wp-content\/uploads\/2019\/03\/f8337035-Klein-768x768.jpg 768w\" sizes=\"auto, (max-width: 300px) 100vw, 300px\" \/><figcaption class=\"wp-element-caption\">Christine Ewers<\/figcaption><\/figure><\/div>\n\n\n<p><\/p>\n","protected":false},"excerpt":{"rendered":"<p>Die Hebammenpraxis \u201ekleine F\u00fcsschen\u201c freut sich, Sie in modernen R\u00e4umlichkeiten in ruhiger und entspannter Atmosph\u00e4re, begr\u00fc\u00dfen zu d\u00fcrfen. Ich biete Ihnen ein vielseitiges Angebot, kompetente Begleitung und Beratung rund um die Themen Schwangerschaft, Geburt und Wochenbett. Sie finden das Angebot unter den Men\u00fcpunkten Leistungen und Kurse. Neue Kurse ab November 2025 &#8211; zur Kontaktaufnahme einfach [&hellip;]<\/p>\n","protected":false},"author":1,"featured_media":0,"parent":0,"menu_order":0,"comment_status":"closed","ping_status":"closed","template":"","meta":{"footnotes":""},"class_list":["post-62","page","type-page","status-publish","hentry"],"_links":{"self":[{"href":"http:\/\/kleine-fuesschen.eu\/index.php?rest_route=\/wp\/v2\/pages\/62","targetHints":{"allow":["GET"]}}],"collection":[{"href":"http:\/\/kleine-fuesschen.eu\/index.php?rest_route=\/wp\/v2\/pages"}],"about":[{"href":"http:\/\/kleine-fuesschen.eu\/index.php?rest_route=\/wp\/v2\/types\/page"}],"author":[{"embeddable":true,"href":"http:\/\/kleine-fuesschen.eu\/index.php?rest_route=\/wp\/v2\/users\/1"}],"replies":[{"embeddable":true,"href":"http:\/\/kleine-fuesschen.eu\/index.php?rest_route=%2Fwp%2Fv2%2Fcomments&post=62"}],"version-history":[{"count":24,"href":"http:\/\/kleine-fuesschen.eu\/index.php?rest_route=\/wp\/v2\/pages\/62\/revisions"}],"predecessor-version":[{"id":497,"href":"http:\/\/kleine-fuesschen.eu\/index.php?rest_route=\/wp\/v2\/pages\/62\/revisions\/497"}],"wp:attachment":[{"href":"http:\/\/kleine-fuesschen.eu\/index.php?rest_route=%2Fwp%2Fv2%2Fmedia&parent=62"}],"curies":[{"name":"wp","href":"https:\/\/api.w.org\/{rel}","templated":true}]}}