{"id":23,"date":"2019-03-13T16:23:56","date_gmt":"2019-03-13T16:23:56","guid":{"rendered":"http:\/\/kleine-fuesschen.eu\/?page_id=23"},"modified":"2021-02-01T22:03:41","modified_gmt":"2021-02-01T22:03:41","slug":"babymassage","status":"publish","type":"page","link":"http:\/\/kleine-fuesschen.eu\/?page_id=23","title":{"rendered":"Babymassage"},"content":{"rendered":"\n<div class=\"wp-block-cover has-background-dim-20 has-very-light-gray-background-color has-background-dim\" style=\"background-image:url(http:\/\/kleine-fuesschen.eu\/wp-content\/uploads\/2019\/03\/liquid-flower-petal-aroma-relax-natural-611732-pxhere.com_.jpg)\"><div class=\"wp-block-cover__inner-container is-layout-flow wp-block-cover-is-layout-flow\">\n<p class=\"has-text-align-center has-large-font-size\"><\/p>\n<\/div><\/div>\n\n\n\n<p class=\"has-drop-cap\">Die Babymassage nach Frederick Leboyer ist eine wundervolle Art, dem Baby gezielte Streicheleinheiten zu geben und N\u00e4he zu vertiefen.<br>Die Massage f\u00f6rdert das Wohlbefinden und die Entwicklung des Kindes und stimuliert das Immunsystem. Sie ist auch hilfreich bei verschiedenen Beschwerden wie z.B. Unruhe, Bl\u00e4hungen, Koliken, Verstopfung, kalten F\u00fc\u00dfen, Schlafst\u00f6rungen u.s.w. Au\u00dferdem intensiviert die Babymassage das Eltern-Kind-Verh\u00e4ltnis. Sie d\u00fcrfen Schritt f\u00fcr Schritt diese tolle Art der Babymassage kennenlernen und diese effektiv an Ihrem Baby anwenden.<\/p>\n\n\n\n<p class=\"has-text-align-center\">Ab der&nbsp;<strong>7. Lebenswoche<\/strong><\/p>\n\n\n\n<div class=\"wp-block-image\"><figure class=\"aligncenter is-resized\"><img loading=\"lazy\" decoding=\"async\" src=\"http:\/\/kleine-fuesschen.eu\/wp-content\/uploads\/2019\/03\/DSC_0633-1024x1024.jpg\" alt=\"\" class=\"wp-image-114\" width=\"345\" height=\"345\" srcset=\"http:\/\/kleine-fuesschen.eu\/wp-content\/uploads\/2019\/03\/DSC_0633-1024x1024.jpg 1024w, http:\/\/kleine-fuesschen.eu\/wp-content\/uploads\/2019\/03\/DSC_0633-150x150.jpg 150w, http:\/\/kleine-fuesschen.eu\/wp-content\/uploads\/2019\/03\/DSC_0633-300x300.jpg 300w, http:\/\/kleine-fuesschen.eu\/wp-content\/uploads\/2019\/03\/DSC_0633-768x768.jpg 768w\" sizes=\"auto, (max-width: 345px) 100vw, 345px\" \/><\/figure><\/div>\n\n\n\n<p>Dieser Kurs findet aufgrund der Covid19-Krise nicht statt.<br><\/p>\n","protected":false},"excerpt":{"rendered":"<p>Die Babymassage nach Frederick Leboyer ist eine wundervolle Art, dem Baby gezielte Streicheleinheiten zu geben und N\u00e4he zu vertiefen.Die Massage f\u00f6rdert das Wohlbefinden und die Entwicklung des Kindes und stimuliert das Immunsystem. Sie ist auch hilfreich bei verschiedenen Beschwerden wie z.B. Unruhe, Bl\u00e4hungen, Koliken, Verstopfung, kalten F\u00fc\u00dfen, Schlafst\u00f6rungen u.s.w. Au\u00dferdem intensiviert die Babymassage das Eltern-Kind-Verh\u00e4ltnis. [&hellip;]<\/p>\n","protected":false},"author":1,"featured_media":0,"parent":20,"menu_order":0,"comment_status":"closed","ping_status":"closed","template":"","meta":{"footnotes":""},"class_list":["post-23","page","type-page","status-publish","hentry"],"_links":{"self":[{"href":"http:\/\/kleine-fuesschen.eu\/index.php?rest_route=\/wp\/v2\/pages\/23","targetHints":{"allow":["GET"]}}],"collection":[{"href":"http:\/\/kleine-fuesschen.eu\/index.php?rest_route=\/wp\/v2\/pages"}],"about":[{"href":"http:\/\/kleine-fuesschen.eu\/index.php?rest_route=\/wp\/v2\/types\/page"}],"author":[{"embeddable":true,"href":"http:\/\/kleine-fuesschen.eu\/index.php?rest_route=\/wp\/v2\/users\/1"}],"replies":[{"embeddable":true,"href":"http:\/\/kleine-fuesschen.eu\/index.php?rest_route=%2Fwp%2Fv2%2Fcomments&post=23"}],"version-history":[{"count":9,"href":"http:\/\/kleine-fuesschen.eu\/index.php?rest_route=\/wp\/v2\/pages\/23\/revisions"}],"predecessor-version":[{"id":364,"href":"http:\/\/kleine-fuesschen.eu\/index.php?rest_route=\/wp\/v2\/pages\/23\/revisions\/364"}],"up":[{"embeddable":true,"href":"http:\/\/kleine-fuesschen.eu\/index.php?rest_route=\/wp\/v2\/pages\/20"}],"wp:attachment":[{"href":"http:\/\/kleine-fuesschen.eu\/index.php?rest_route=%2Fwp%2Fv2%2Fmedia&parent=23"}],"curies":[{"name":"wp","href":"https:\/\/api.w.org\/{rel}","templated":true}]}}