{"id":17,"date":"2019-03-13T16:23:56","date_gmt":"2019-03-13T16:23:56","guid":{"rendered":"http:\/\/kleine-fuesschen.eu\/?page_id=17"},"modified":"2021-02-01T22:11:34","modified_gmt":"2021-02-01T22:11:34","slug":"hebammen-sprechstunde","status":"publish","type":"page","link":"http:\/\/kleine-fuesschen.eu\/?page_id=17","title":{"rendered":"Hebammen Sprechstunde"},"content":{"rendered":"\n<div class=\"wp-block-cover has-background-dim-20 has-very-light-gray-background-color has-background-dim\" style=\"background-image:url(http:\/\/kleine-fuesschen.eu\/wp-content\/uploads\/2019\/03\/DSC_0192.jpg)\"><div class=\"wp-block-cover__inner-container is-layout-flow wp-block-cover-is-layout-flow\">\n<p class=\"has-text-align-center has-large-font-size\"><\/p>\n<\/div><\/div>\n\n\n\n<p class=\"has-drop-cap\">In der Hebammensprechstunde haben Sie die M\u00f6glichkeit sich die Praxis anzuschauen, Termine zu vereinbaren, Fragen zu stellen bez\u00fcglich Ihrer Schwangerschaft, Geburt, Wochenbett, Baby und Stillen.<br>Nat\u00fcrlich k\u00f6nnen Sie auch zur Wiegekontrolle in die Hebammenpraxis kommen! Termine zur Hebammenstunde werden individuell abgestimmt. Rufen Sie uns zur Terminvereinbarung an!<\/p>\n","protected":false},"excerpt":{"rendered":"<p>In der Hebammensprechstunde haben Sie die M\u00f6glichkeit sich die Praxis anzuschauen, Termine zu vereinbaren, Fragen zu stellen bez\u00fcglich Ihrer Schwangerschaft, Geburt, Wochenbett, Baby und Stillen.Nat\u00fcrlich k\u00f6nnen Sie auch zur Wiegekontrolle in die Hebammenpraxis kommen! Termine zur Hebammenstunde werden individuell abgestimmt. Rufen Sie uns zur Terminvereinbarung an!<\/p>\n","protected":false},"author":1,"featured_media":0,"parent":16,"menu_order":0,"comment_status":"closed","ping_status":"closed","template":"","meta":{"footnotes":""},"class_list":["post-17","page","type-page","status-publish","hentry"],"_links":{"self":[{"href":"http:\/\/kleine-fuesschen.eu\/index.php?rest_route=\/wp\/v2\/pages\/17","targetHints":{"allow":["GET"]}}],"collection":[{"href":"http:\/\/kleine-fuesschen.eu\/index.php?rest_route=\/wp\/v2\/pages"}],"about":[{"href":"http:\/\/kleine-fuesschen.eu\/index.php?rest_route=\/wp\/v2\/types\/page"}],"author":[{"embeddable":true,"href":"http:\/\/kleine-fuesschen.eu\/index.php?rest_route=\/wp\/v2\/users\/1"}],"replies":[{"embeddable":true,"href":"http:\/\/kleine-fuesschen.eu\/index.php?rest_route=%2Fwp%2Fv2%2Fcomments&post=17"}],"version-history":[{"count":7,"href":"http:\/\/kleine-fuesschen.eu\/index.php?rest_route=\/wp\/v2\/pages\/17\/revisions"}],"predecessor-version":[{"id":369,"href":"http:\/\/kleine-fuesschen.eu\/index.php?rest_route=\/wp\/v2\/pages\/17\/revisions\/369"}],"up":[{"embeddable":true,"href":"http:\/\/kleine-fuesschen.eu\/index.php?rest_route=\/wp\/v2\/pages\/16"}],"wp:attachment":[{"href":"http:\/\/kleine-fuesschen.eu\/index.php?rest_route=%2Fwp%2Fv2%2Fmedia&parent=17"}],"curies":[{"name":"wp","href":"https:\/\/api.w.org\/{rel}","templated":true}]}}