{"id":16,"date":"2019-03-13T16:23:56","date_gmt":"2019-03-13T16:23:56","guid":{"rendered":"http:\/\/kleine-fuesschen.eu\/?page_id=16"},"modified":"2021-02-01T21:30:00","modified_gmt":"2021-02-01T21:30:00","slug":"leistungen","status":"publish","type":"page","link":"http:\/\/kleine-fuesschen.eu\/?page_id=16","title":{"rendered":"Leistungen"},"content":{"rendered":"\n<p>Auf diesen Seiten finden Sie n\u00e4here Details zu unseren Angeboten wie<\/p>\n\n\n\n<ul class=\"wp-block-list\"><li><a href=\"http:\/\/kleine-fuesschen.eu\/?page_id=17\">Hebammensprechstunde<\/a><\/li><li><a href=\"http:\/\/kleine-fuesschen.eu\/?page_id=18\">Vorsorgeuntersuchungen<\/a>&nbsp;und<\/li><li><a href=\"http:\/\/kleine-fuesschen.eu\/?page_id=19\">Hausbesuche<\/a><\/li><\/ul>\n\n\n\n<p>Zus\u00e4tzlich bieten wir an:<\/p>\n\n\n\n<ul class=\"wp-block-list\"><li>Hom\u00f6opathie <\/li><li>Bachbl\u00fcten-Therapie<\/li><li>K-Taping<\/li><li>Therapie-Laser<\/li><\/ul>\n\n\n\n<figure class=\"wp-block-image\"><img loading=\"lazy\" decoding=\"async\" width=\"1024\" height=\"1024\" src=\"http:\/\/kleine-fuesschen.eu\/wp-content\/uploads\/2019\/03\/shoe-woman-boy-trunk-female-leg-1258794-pxhere.com_-1024x1024.jpg\" alt=\"\" class=\"wp-image-169\" srcset=\"http:\/\/kleine-fuesschen.eu\/wp-content\/uploads\/2019\/03\/shoe-woman-boy-trunk-female-leg-1258794-pxhere.com_-1024x1024.jpg 1024w, http:\/\/kleine-fuesschen.eu\/wp-content\/uploads\/2019\/03\/shoe-woman-boy-trunk-female-leg-1258794-pxhere.com_-150x150.jpg 150w, http:\/\/kleine-fuesschen.eu\/wp-content\/uploads\/2019\/03\/shoe-woman-boy-trunk-female-leg-1258794-pxhere.com_-300x300.jpg 300w, http:\/\/kleine-fuesschen.eu\/wp-content\/uploads\/2019\/03\/shoe-woman-boy-trunk-female-leg-1258794-pxhere.com_-768x768.jpg 768w\" sizes=\"auto, (max-width: 1024px) 100vw, 1024px\" \/><\/figure>\n","protected":false},"excerpt":{"rendered":"<p>Auf diesen Seiten finden Sie n\u00e4here Details zu unseren Angeboten wie Hebammensprechstunde Vorsorgeuntersuchungen&nbsp;und Hausbesuche Zus\u00e4tzlich bieten wir an: Hom\u00f6opathie Bachbl\u00fcten-Therapie K-Taping Therapie-Laser<\/p>\n","protected":false},"author":1,"featured_media":0,"parent":0,"menu_order":0,"comment_status":"closed","ping_status":"closed","template":"","meta":{"footnotes":""},"class_list":["post-16","page","type-page","status-publish","hentry"],"_links":{"self":[{"href":"http:\/\/kleine-fuesschen.eu\/index.php?rest_route=\/wp\/v2\/pages\/16","targetHints":{"allow":["GET"]}}],"collection":[{"href":"http:\/\/kleine-fuesschen.eu\/index.php?rest_route=\/wp\/v2\/pages"}],"about":[{"href":"http:\/\/kleine-fuesschen.eu\/index.php?rest_route=\/wp\/v2\/types\/page"}],"author":[{"embeddable":true,"href":"http:\/\/kleine-fuesschen.eu\/index.php?rest_route=\/wp\/v2\/users\/1"}],"replies":[{"embeddable":true,"href":"http:\/\/kleine-fuesschen.eu\/index.php?rest_route=%2Fwp%2Fv2%2Fcomments&post=16"}],"version-history":[{"count":5,"href":"http:\/\/kleine-fuesschen.eu\/index.php?rest_route=\/wp\/v2\/pages\/16\/revisions"}],"predecessor-version":[{"id":343,"href":"http:\/\/kleine-fuesschen.eu\/index.php?rest_route=\/wp\/v2\/pages\/16\/revisions\/343"}],"wp:attachment":[{"href":"http:\/\/kleine-fuesschen.eu\/index.php?rest_route=%2Fwp%2Fv2%2Fmedia&parent=16"}],"curies":[{"name":"wp","href":"https:\/\/api.w.org\/{rel}","templated":true}]}}